{"id":17,"date":"2021-03-14T08:58:28","date_gmt":"2021-03-14T08:58:28","guid":{"rendered":"http:\/\/szkolabolecina.pl\/?page_id=17"},"modified":"2021-04-19T17:45:37","modified_gmt":"2021-04-19T17:45:37","slug":"o-szkole","status":"publish","type":"page","link":"https:\/\/szkolabolecina.pl\/index.php\/o-szkole\/","title":{"rendered":"Szko\u0142a"},"content":{"rendered":"\t\t<div data-elementor-type=\"wp-page\" data-elementor-id=\"17\" class=\"elementor elementor-17\" data-elementor-post-type=\"page\">\n\t\t\t\t\t\t<section class=\"has_eae_slider elementor-section elementor-top-section elementor-element elementor-element-2c0790e elementor-section-full_width elementor-section-height-default elementor-section-height-default\" data-eae-slider=\"35442\" data-id=\"2c0790e\" data-element_type=\"section\">\n\t\t\t\t\t\t<div class=\"elementor-container elementor-column-gap-default\">\n\t\t\t\t\t<div class=\"has_eae_slider elementor-column elementor-col-50 elementor-top-column elementor-element elementor-element-61fb6c93\" data-eae-slider=\"62162\" data-id=\"61fb6c93\" data-element_type=\"column\">\n\t\t\t<div class=\"elementor-widget-wrap elementor-element-populated\">\n\t\t\t\t\t\t<div class=\"elementor-element elementor-element-55c70cab elementor-widget elementor-widget-heading\" data-id=\"55c70cab\" data-element_type=\"widget\" data-widget_type=\"heading.default\">\n\t\t\t\t<div class=\"elementor-widget-container\">\n\t\t\t\t\t<h1 class=\"elementor-heading-title elementor-size-default\">Codziennie dok\u0142adamy stara\u0144,\naby wszyscy w naszej szkole czuli si\u0119 bezpiecznie<\/h1>\t\t\t\t<\/div>\n\t\t\t\t<\/div>\n\t\t\t\t\t<\/div>\n\t\t<\/div>\n\t\t\t\t<div class=\"has_eae_slider elementor-column elementor-col-50 elementor-top-column elementor-element elementor-element-60e1e6e4\" data-eae-slider=\"85571\" data-id=\"60e1e6e4\" data-element_type=\"column\">\n\t\t\t<div class=\"elementor-widget-wrap elementor-element-populated\">\n\t\t\t\t\t\t<div class=\"elementor-element elementor-element-1f735142 elementor-widget elementor-widget-text-editor\" data-id=\"1f735142\" data-element_type=\"widget\" data-widget_type=\"text-editor.default\">\n\t\t\t\t<div class=\"elementor-widget-container\">\n\t\t\t\t\t\t\t\t\t<div><div class=\"imTARight\"><span class=\"fs16lh1-5\">Dbamy o wszechstronny rozw\u00f3j intelektualny i moralny.<\/span><\/div><\/div><div class=\"imTARight\"><span class=\"fs16lh1-5\">Uczniowie realizuj\u0105 swoje pasje, pog\u0142\u0119biaj\u0105 wiedz\u0119.<\/span><\/div><div class=\"imTARight\"><span class=\"fs14lh1-5\"><span class=\"fs16lh1-5\">Korzystamy z bogatej bazy pomocy dydaktycznych.<\/span><\/span><\/div>\t\t\t\t\t\t\t\t<\/div>\n\t\t\t\t<\/div>\n\t\t\t\t\t<\/div>\n\t\t<\/div>\n\t\t\t\t\t<\/div>\n\t\t<\/section>\n\t\t\t\t<section class=\"has_eae_slider elementor-section elementor-top-section elementor-element elementor-element-49b55c81 elementor-section-full_width elementor-section-height-default elementor-section-height-default\" data-eae-slider=\"62100\" data-id=\"49b55c81\" data-element_type=\"section\">\n\t\t\t\t\t\t<div class=\"elementor-container elementor-column-gap-default\">\n\t\t\t\t\t<div class=\"has_eae_slider elementor-column elementor-col-100 elementor-top-column elementor-element elementor-element-2aed3d98\" data-eae-slider=\"41846\" data-id=\"2aed3d98\" data-element_type=\"column\">\n\t\t\t<div class=\"elementor-widget-wrap elementor-element-populated\">\n\t\t\t\t\t\t<div class=\"elementor-element elementor-element-5dff68a elementor-widget elementor-widget-image\" data-id=\"5dff68a\" data-element_type=\"widget\" data-settings=\"{&quot;motion_fx_motion_fx_scrolling&quot;:&quot;yes&quot;,&quot;motion_fx_devices&quot;:[&quot;desktop&quot;,&quot;tablet&quot;,&quot;mobile&quot;]}\" data-widget_type=\"image.default\">\n\t\t\t\t<div class=\"elementor-widget-container\">\n\t\t\t\t\t\t\t\t\t\t\t\t\t\t\t<img fetchpriority=\"high\" decoding=\"async\" width=\"2560\" height=\"918\" src=\"https:\/\/szkolabolecina.pl\/wp-content\/uploads\/2021\/03\/szkola-1-scaled.jpg\" class=\"attachment-full size-full wp-image-709\" alt=\"\" srcset=\"https:\/\/szkolabolecina.pl\/wp-content\/uploads\/2021\/03\/szkola-1-scaled.jpg 2560w, https:\/\/szkolabolecina.pl\/wp-content\/uploads\/2021\/03\/szkola-1-300x108.jpg 300w, https:\/\/szkolabolecina.pl\/wp-content\/uploads\/2021\/03\/szkola-1-1024x367.jpg 1024w, https:\/\/szkolabolecina.pl\/wp-content\/uploads\/2021\/03\/szkola-1-768x275.jpg 768w, https:\/\/szkolabolecina.pl\/wp-content\/uploads\/2021\/03\/szkola-1-1536x551.jpg 1536w, https:\/\/szkolabolecina.pl\/wp-content\/uploads\/2021\/03\/szkola-1-2048x735.jpg 2048w\" sizes=\"(max-width: 2560px) 100vw, 2560px\" \/>\t\t\t\t\t\t\t\t\t\t\t\t\t\t\t<\/div>\n\t\t\t\t<\/div>\n\t\t\t\t\t<\/div>\n\t\t<\/div>\n\t\t\t\t\t<\/div>\n\t\t<\/section>\n\t\t\t\t<section class=\"has_eae_slider elementor-section elementor-top-section elementor-element elementor-element-3c58521d elementor-section-full_width elementor-section-height-default elementor-section-height-default\" data-eae-slider=\"97498\" data-id=\"3c58521d\" data-element_type=\"section\">\n\t\t\t\t\t\t<div class=\"elementor-container elementor-column-gap-default\">\n\t\t\t\t\t<div class=\"has_eae_slider elementor-column elementor-col-33 elementor-top-column elementor-element elementor-element-95bce1a\" data-eae-slider=\"21553\" data-id=\"95bce1a\" data-element_type=\"column\">\n\t\t\t<div class=\"elementor-widget-wrap elementor-element-populated\">\n\t\t\t\t\t\t<section class=\"has_eae_slider elementor-section elementor-inner-section elementor-element elementor-element-547aacab elementor-section-height-min-height elementor-section-boxed elementor-section-height-default\" data-eae-slider=\"85664\" data-id=\"547aacab\" data-element_type=\"section\" data-settings=\"{&quot;motion_fx_motion_fx_scrolling&quot;:&quot;yes&quot;,&quot;motion_fx_translateY_effect&quot;:&quot;yes&quot;,&quot;motion_fx_translateY_direction&quot;:&quot;negative&quot;,&quot;motion_fx_translateY_speed&quot;:{&quot;unit&quot;:&quot;px&quot;,&quot;size&quot;:&quot;1&quot;,&quot;sizes&quot;:[]},&quot;motion_fx_devices&quot;:[&quot;desktop&quot;],&quot;motion_fx_translateY_affectedRange&quot;:{&quot;unit&quot;:&quot;%&quot;,&quot;size&quot;:&quot;&quot;,&quot;sizes&quot;:{&quot;start&quot;:0,&quot;end&quot;:100}}}\">\n\t\t\t\t\t\t<div class=\"elementor-container elementor-column-gap-default\">\n\t\t\t\t\t<div class=\"has_eae_slider elementor-column elementor-col-100 elementor-inner-column elementor-element elementor-element-201b6ac4\" data-eae-slider=\"66612\" data-id=\"201b6ac4\" data-element_type=\"column\">\n\t\t\t<div class=\"elementor-widget-wrap elementor-element-populated\">\n\t\t\t\t\t\t<div class=\"elementor-element elementor-element-53aab6a0 elementor-widget elementor-widget-heading\" data-id=\"53aab6a0\" data-element_type=\"widget\" data-widget_type=\"heading.default\">\n\t\t\t\t<div class=\"elementor-widget-container\">\n\t\t\t\t\t<h2 class=\"elementor-heading-title elementor-size-default\">\n<br>Nasza <b>oferta<\/b><\/h2>\t\t\t\t<\/div>\n\t\t\t\t<\/div>\n\t\t\t\t<div class=\"elementor-element elementor-element-2c15888f elementor-widget elementor-widget-text-editor\" data-id=\"2c15888f\" data-element_type=\"widget\" data-widget_type=\"text-editor.default\">\n\t\t\t\t<div class=\"elementor-widget-container\">\n\t\t\t\t\t\t\t\t\t<p>Jeste\u015bmy zespo\u0142em szk\u00f3\u0142, w sk\u0142ad kt\u00f3rego wchodzi przedszkole i szko\u0142a podstawowa. Realizujemy zadania zwi\u0105zane z \u00a0wszechstronnym rozwojem naszych podopiecznych.<\/p>\t\t\t\t\t\t\t\t<\/div>\n\t\t\t\t<\/div>\n\t\t\t\t\t<\/div>\n\t\t<\/div>\n\t\t\t\t\t<\/div>\n\t\t<\/section>\n\t\t\t\t\t<\/div>\n\t\t<\/div>\n\t\t\t\t<div class=\"has_eae_slider elementor-column elementor-col-33 elementor-top-column elementor-element elementor-element-58243655\" data-eae-slider=\"67296\" data-id=\"58243655\" data-element_type=\"column\">\n\t\t\t<div class=\"elementor-widget-wrap elementor-element-populated\">\n\t\t\t\t\t\t<div class=\"elementor-element elementor-element-2d719ff elementor-widget elementor-widget-image\" data-id=\"2d719ff\" data-element_type=\"widget\" data-widget_type=\"image.default\">\n\t\t\t\t<div class=\"elementor-widget-container\">\n\t\t\t\t\t\t\t\t\t\t\t\t\t\t\t<img decoding=\"async\" width=\"2058\" height=\"1884\" src=\"https:\/\/szkolabolecina.pl\/wp-content\/uploads\/2021\/04\/1-1.png\" class=\"attachment-full size-full wp-image-833\" alt=\"\" srcset=\"https:\/\/szkolabolecina.pl\/wp-content\/uploads\/2021\/04\/1-1.png 2058w, https:\/\/szkolabolecina.pl\/wp-content\/uploads\/2021\/04\/1-1-300x275.png 300w, https:\/\/szkolabolecina.pl\/wp-content\/uploads\/2021\/04\/1-1-1024x937.png 1024w, https:\/\/szkolabolecina.pl\/wp-content\/uploads\/2021\/04\/1-1-768x703.png 768w, https:\/\/szkolabolecina.pl\/wp-content\/uploads\/2021\/04\/1-1-1536x1406.png 1536w, https:\/\/szkolabolecina.pl\/wp-content\/uploads\/2021\/04\/1-1-2048x1875.png 2048w\" sizes=\"(max-width: 2058px) 100vw, 2058px\" \/>\t\t\t\t\t\t\t\t\t\t\t\t\t\t\t<\/div>\n\t\t\t\t<\/div>\n\t\t\t\t<div class=\"elementor-element elementor-element-7034d226 elementor-widget elementor-widget-image\" data-id=\"7034d226\" data-element_type=\"widget\" data-widget_type=\"image.default\">\n\t\t\t\t<div class=\"elementor-widget-container\">\n\t\t\t\t\t\t\t\t\t\t\t\t\t\t\t<img decoding=\"async\" width=\"2082\" height=\"1134\" src=\"https:\/\/szkolabolecina.pl\/wp-content\/uploads\/2021\/04\/2a.png\" class=\"attachment-full size-full wp-image-834\" alt=\"\" srcset=\"https:\/\/szkolabolecina.pl\/wp-content\/uploads\/2021\/04\/2a.png 2082w, https:\/\/szkolabolecina.pl\/wp-content\/uploads\/2021\/04\/2a-300x163.png 300w, https:\/\/szkolabolecina.pl\/wp-content\/uploads\/2021\/04\/2a-1024x558.png 1024w, https:\/\/szkolabolecina.pl\/wp-content\/uploads\/2021\/04\/2a-768x418.png 768w, https:\/\/szkolabolecina.pl\/wp-content\/uploads\/2021\/04\/2a-1536x837.png 1536w, https:\/\/szkolabolecina.pl\/wp-content\/uploads\/2021\/04\/2a-2048x1115.png 2048w\" sizes=\"(max-width: 2082px) 100vw, 2082px\" \/>\t\t\t\t\t\t\t\t\t\t\t\t\t\t\t<\/div>\n\t\t\t\t<\/div>\n\t\t\t\t\t<\/div>\n\t\t<\/div>\n\t\t\t\t<div class=\"has_eae_slider elementor-column elementor-col-33 elementor-top-column elementor-element elementor-element-29d051f3\" data-eae-slider=\"38758\" data-id=\"29d051f3\" data-element_type=\"column\">\n\t\t\t<div class=\"elementor-widget-wrap elementor-element-populated\">\n\t\t\t\t\t\t<div class=\"elementor-element elementor-element-14e6e1f2 elementor-widget elementor-widget-image\" data-id=\"14e6e1f2\" data-element_type=\"widget\" data-widget_type=\"image.default\">\n\t\t\t\t<div class=\"elementor-widget-container\">\n\t\t\t\t\t\t\t\t\t\t\t\t\t\t\t<img loading=\"lazy\" decoding=\"async\" width=\"1968\" height=\"1068\" src=\"https:\/\/szkolabolecina.pl\/wp-content\/uploads\/2021\/04\/4a.png\" class=\"attachment-full size-full wp-image-836\" alt=\"\" srcset=\"https:\/\/szkolabolecina.pl\/wp-content\/uploads\/2021\/04\/4a.png 1968w, https:\/\/szkolabolecina.pl\/wp-content\/uploads\/2021\/04\/4a-300x163.png 300w, https:\/\/szkolabolecina.pl\/wp-content\/uploads\/2021\/04\/4a-1024x556.png 1024w, https:\/\/szkolabolecina.pl\/wp-content\/uploads\/2021\/04\/4a-768x417.png 768w, https:\/\/szkolabolecina.pl\/wp-content\/uploads\/2021\/04\/4a-1536x834.png 1536w\" sizes=\"(max-width: 1968px) 100vw, 1968px\" \/>\t\t\t\t\t\t\t\t\t\t\t\t\t\t\t<\/div>\n\t\t\t\t<\/div>\n\t\t\t\t<div class=\"elementor-element elementor-element-76fb37d8 elementor-widget elementor-widget-image\" data-id=\"76fb37d8\" data-element_type=\"widget\" data-widget_type=\"image.default\">\n\t\t\t\t<div class=\"elementor-widget-container\">\n\t\t\t\t\t\t\t\t\t\t\t\t\t\t\t<img loading=\"lazy\" decoding=\"async\" width=\"1962\" height=\"1950\" src=\"https:\/\/szkolabolecina.pl\/wp-content\/uploads\/2021\/04\/3a.png\" class=\"attachment-full size-full wp-image-835\" alt=\"\" srcset=\"https:\/\/szkolabolecina.pl\/wp-content\/uploads\/2021\/04\/3a.png 1962w, https:\/\/szkolabolecina.pl\/wp-content\/uploads\/2021\/04\/3a-300x298.png 300w, https:\/\/szkolabolecina.pl\/wp-content\/uploads\/2021\/04\/3a-1024x1018.png 1024w, https:\/\/szkolabolecina.pl\/wp-content\/uploads\/2021\/04\/3a-150x150.png 150w, https:\/\/szkolabolecina.pl\/wp-content\/uploads\/2021\/04\/3a-768x763.png 768w, https:\/\/szkolabolecina.pl\/wp-content\/uploads\/2021\/04\/3a-1536x1527.png 1536w\" sizes=\"(max-width: 1962px) 100vw, 1962px\" \/>\t\t\t\t\t\t\t\t\t\t\t\t\t\t\t<\/div>\n\t\t\t\t<\/div>\n\t\t\t\t\t<\/div>\n\t\t<\/div>\n\t\t\t\t\t<\/div>\n\t\t<\/section>\n\t\t\t\t<section class=\"has_eae_slider elementor-section elementor-top-section elementor-element elementor-element-45af0b9e elementor-section-content-middle elementor-section-boxed elementor-section-height-default elementor-section-height-default\" data-eae-slider=\"64261\" data-id=\"45af0b9e\" data-element_type=\"section\" id=\"aktywnosc_sekcja\">\n\t\t\t\t\t\t<div class=\"elementor-container elementor-column-gap-no\">\n\t\t\t\t\t<div class=\"has_eae_slider elementor-column elementor-col-33 elementor-top-column elementor-element elementor-element-12c85413\" data-eae-slider=\"25549\" data-id=\"12c85413\" data-element_type=\"column\">\n\t\t\t<div class=\"elementor-widget-wrap elementor-element-populated\">\n\t\t\t\t\t\t<div class=\"elementor-element elementor-element-17c0a076 elementor-widget-divider--view-line elementor-widget elementor-widget-divider\" data-id=\"17c0a076\" data-element_type=\"widget\" data-widget_type=\"divider.default\">\n\t\t\t\t<div class=\"elementor-widget-container\">\n\t\t\t\t\t\t\t<div class=\"elementor-divider\">\n\t\t\t<span class=\"elementor-divider-separator\">\n\t\t\t\t\t\t<\/span>\n\t\t<\/div>\n\t\t\t\t\t\t<\/div>\n\t\t\t\t<\/div>\n\t\t\t\t\t<\/div>\n\t\t<\/div>\n\t\t\t\t<div class=\"has_eae_slider elementor-column elementor-col-33 elementor-top-column elementor-element elementor-element-27f567b9\" data-eae-slider=\"65679\" data-id=\"27f567b9\" data-element_type=\"column\">\n\t\t\t<div class=\"elementor-widget-wrap elementor-element-populated\">\n\t\t\t\t\t\t<div class=\"elementor-element elementor-element-1857b75b elementor-widget elementor-widget-heading\" data-id=\"1857b75b\" data-element_type=\"widget\" data-widget_type=\"heading.default\">\n\t\t\t\t<div class=\"elementor-widget-container\">\n\t\t\t\t\t<h3 class=\"elementor-heading-title elementor-size-default\">Aktywno\u015b\u0107 Uczniowska<\/h3>\t\t\t\t<\/div>\n\t\t\t\t<\/div>\n\t\t\t\t\t<\/div>\n\t\t<\/div>\n\t\t\t\t<div class=\"has_eae_slider elementor-column elementor-col-33 elementor-top-column elementor-element elementor-element-57041cb8\" data-eae-slider=\"88324\" data-id=\"57041cb8\" data-element_type=\"column\">\n\t\t\t<div class=\"elementor-widget-wrap elementor-element-populated\">\n\t\t\t\t\t\t<div class=\"elementor-element elementor-element-5abc8c93 elementor-widget-divider--view-line elementor-widget elementor-widget-divider\" data-id=\"5abc8c93\" data-element_type=\"widget\" data-widget_type=\"divider.default\">\n\t\t\t\t<div class=\"elementor-widget-container\">\n\t\t\t\t\t\t\t<div class=\"elementor-divider\">\n\t\t\t<span class=\"elementor-divider-separator\">\n\t\t\t\t\t\t<\/span>\n\t\t<\/div>\n\t\t\t\t\t\t<\/div>\n\t\t\t\t<\/div>\n\t\t\t\t\t<\/div>\n\t\t<\/div>\n\t\t\t\t\t<\/div>\n\t\t<\/section>\n\t\t\t\t<section class=\"has_eae_slider elementor-section elementor-top-section elementor-element elementor-element-c62421c elementor-section-boxed elementor-section-height-default elementor-section-height-default\" data-eae-slider=\"69064\" data-id=\"c62421c\" data-element_type=\"section\" id=\"sekcja_zajecia\">\n\t\t\t\t\t\t<div class=\"elementor-container elementor-column-gap-no\">\n\t\t\t\t\t<div class=\"has_eae_slider elementor-column elementor-col-33 elementor-top-column elementor-element elementor-element-78654cc8 elementor-sm-50\" data-eae-slider=\"46508\" data-id=\"78654cc8\" data-element_type=\"column\">\n\t\t\t<div class=\"elementor-widget-wrap elementor-element-populated\">\n\t\t\t\t\t\t<div class=\"elementor-element elementor-element-3ab8eec0 elementor-view-stacked elementor-shape-square elementor-position-top elementor-mobile-position-top elementor-widget elementor-widget-icon-box\" data-id=\"3ab8eec0\" data-element_type=\"widget\" data-widget_type=\"icon-box.default\">\n\t\t\t\t<div class=\"elementor-widget-container\">\n\t\t\t\t\t\t\t<div class=\"elementor-icon-box-wrapper\">\n\n\t\t\t\t\t\t<div class=\"elementor-icon-box-icon\">\n\t\t\t\t<span  class=\"elementor-icon\">\n\t\t\t\t<i aria-hidden=\"true\" class=\"fas fa-graduation-cap\"><\/i>\t\t\t\t<\/span>\n\t\t\t<\/div>\n\t\t\t\n\t\t\t\t\t\t<div class=\"elementor-icon-box-content\">\n\n\t\t\t\t\t\t\t\t\t<h3 class=\"elementor-icon-box-title\">\n\t\t\t\t\t\t<span  >\n\t\t\t\t\t\t\tSamorz\u0105d szkolny\t\t\t\t\t\t<\/span>\n\t\t\t\t\t<\/h3>\n\t\t\t\t\n\t\t\t\t\t\t\t\t\t<p class=\"elementor-icon-box-description\">\n\t\t\t\t\t\t- Wybory do samorz\u0105du<br>\n- Gazetki informacyjne<br>\n- Zabawy okoliczno\u015bciowe<br>\n- Akcje tematyczne<br>\n\t\t\t\t\t<\/p>\n\t\t\t\t\n\t\t\t<\/div>\n\t\t\t\n\t\t<\/div>\n\t\t\t\t\t\t<\/div>\n\t\t\t\t<\/div>\n\t\t\t\t\t<\/div>\n\t\t<\/div>\n\t\t\t\t<div class=\"has_eae_slider elementor-column elementor-col-33 elementor-top-column elementor-element elementor-element-8636813 elementor-sm-50\" data-eae-slider=\"91436\" data-id=\"8636813\" data-element_type=\"column\">\n\t\t\t<div class=\"elementor-widget-wrap elementor-element-populated\">\n\t\t\t\t\t\t<div class=\"elementor-element elementor-element-57475c31 elementor-view-stacked elementor-shape-square elementor-position-top elementor-mobile-position-top elementor-widget elementor-widget-icon-box\" data-id=\"57475c31\" data-element_type=\"widget\" data-widget_type=\"icon-box.default\">\n\t\t\t\t<div class=\"elementor-widget-container\">\n\t\t\t\t\t\t\t<div class=\"elementor-icon-box-wrapper\">\n\n\t\t\t\t\t\t<div class=\"elementor-icon-box-icon\">\n\t\t\t\t<span  class=\"elementor-icon\">\n\t\t\t\t<i aria-hidden=\"true\" class=\"fas fa-campground\"><\/i>\t\t\t\t<\/span>\n\t\t\t<\/div>\n\t\t\t\n\t\t\t\t\t\t<div class=\"elementor-icon-box-content\">\n\n\t\t\t\t\t\t\t\t\t<h3 class=\"elementor-icon-box-title\">\n\t\t\t\t\t\t<span  >\n\t\t\t\t\t\t\tHarcerstwo\t\t\t\t\t\t<\/span>\n\t\t\t\t\t<\/h3>\n\t\t\t\t\n\t\t\t\t\t\t\t\t\t<p class=\"elementor-icon-box-description\">\n\t\t\t\t\t\t- Akcje spo\u0142eczne<br>\n- Akcje tematyczne<br>\n- Wydarzenia patriotyczne<br>\n- Wyjazdy<br>\t\t\t\t\t<\/p>\n\t\t\t\t\n\t\t\t<\/div>\n\t\t\t\n\t\t<\/div>\n\t\t\t\t\t\t<\/div>\n\t\t\t\t<\/div>\n\t\t\t\t\t<\/div>\n\t\t<\/div>\n\t\t\t\t<div class=\"has_eae_slider elementor-column elementor-col-33 elementor-top-column elementor-element elementor-element-1f24cba5 elementor-sm-50\" data-eae-slider=\"95601\" data-id=\"1f24cba5\" data-element_type=\"column\">\n\t\t\t<div class=\"elementor-widget-wrap elementor-element-populated\">\n\t\t\t\t\t\t<div class=\"elementor-element elementor-element-7cf459b0 elementor-view-stacked elementor-shape-square elementor-position-top elementor-mobile-position-top elementor-widget elementor-widget-icon-box\" data-id=\"7cf459b0\" data-element_type=\"widget\" data-widget_type=\"icon-box.default\">\n\t\t\t\t<div class=\"elementor-widget-container\">\n\t\t\t\t\t\t\t<div class=\"elementor-icon-box-wrapper\">\n\n\t\t\t\t\t\t<div class=\"elementor-icon-box-icon\">\n\t\t\t\t<span  class=\"elementor-icon\">\n\t\t\t\t<i aria-hidden=\"true\" class=\"fas fa-cogs\"><\/i>\t\t\t\t<\/span>\n\t\t\t<\/div>\n\t\t\t\n\t\t\t\t\t\t<div class=\"elementor-icon-box-content\">\n\n\t\t\t\t\t\t\t\t\t<h3 class=\"elementor-icon-box-title\">\n\t\t\t\t\t\t<span  >\n\t\t\t\t\t\t\tKo\u0142a zainteresowa\u0144\t\t\t\t\t\t<\/span>\n\t\t\t\t\t<\/h3>\n\t\t\t\t\n\t\t\t\t\t\t\t\t\t<p class=\"elementor-icon-box-description\">\n\t\t\t\t\t\t- Astronomiczne<br>\n- Robotyczne<br>\n- Informatyczne<br>\n- J\u0119zykowe<br>\t\t\t\t\t<\/p>\n\t\t\t\t\n\t\t\t<\/div>\n\t\t\t\n\t\t<\/div>\n\t\t\t\t\t\t<\/div>\n\t\t\t\t<\/div>\n\t\t\t\t\t<\/div>\n\t\t<\/div>\n\t\t\t\t\t<\/div>\n\t\t<\/section>\n\t\t\t\t<section class=\"has_eae_slider elementor-section elementor-top-section elementor-element elementor-element-1c5cb6f6 elementor-section-content-middle elementor-reverse-mobile elementor-section-full_width elementor-section-stretched elementor-section-height-default elementor-section-height-default\" data-eae-slider=\"40043\" data-id=\"1c5cb6f6\" data-element_type=\"section\" data-settings=\"{&quot;background_background&quot;:&quot;gradient&quot;,&quot;stretch_section&quot;:&quot;section-stretched&quot;}\">\n\t\t\t\t\t\t<div class=\"elementor-container elementor-column-gap-no\">\n\t\t\t\t\t<div class=\"has_eae_slider elementor-column elementor-col-50 elementor-top-column elementor-element elementor-element-27fa055b\" data-eae-slider=\"47420\" data-id=\"27fa055b\" data-element_type=\"column\">\n\t\t\t<div class=\"elementor-widget-wrap elementor-element-populated\">\n\t\t\t\t\t\t\t<\/div>\n\t\t<\/div>\n\t\t\t\t<div class=\"has_eae_slider elementor-column elementor-col-50 elementor-top-column elementor-element elementor-element-7b187ab1\" data-eae-slider=\"48598\" data-id=\"7b187ab1\" data-element_type=\"column\">\n\t\t\t<div class=\"elementor-widget-wrap elementor-element-populated\">\n\t\t\t\t\t\t<div class=\"elementor-element elementor-element-23222b5d elementor-widget elementor-widget-heading\" data-id=\"23222b5d\" data-element_type=\"widget\" data-widget_type=\"heading.default\">\n\t\t\t\t<div class=\"elementor-widget-container\">\n\t\t\t\t\t<h1 class=\"elementor-heading-title elementor-size-default\">Zapraszamy do poznania oferty przedszkola<\/h1>\t\t\t\t<\/div>\n\t\t\t\t<\/div>\n\t\t\t\t<div class=\"elementor-element elementor-element-7b33c04b elementor-widget elementor-widget-text-editor\" data-id=\"7b33c04b\" data-element_type=\"widget\" data-widget_type=\"text-editor.default\">\n\t\t\t\t<div class=\"elementor-widget-container\">\n\t\t\t\t\t\t\t\t\t<p class=\"p1\">Jeste\u015bmy zespo\u0142em szk\u00f3\u0142, w s\u0142ad kt\u00f3rego wchodzi przedszkole i szko\u0142a podstawowa. Realizujemy zadania zwi\u0105zane z \u00a0wszechstronnym rozwojem naszych podopiecznych.<\/p>\t\t\t\t\t\t\t\t<\/div>\n\t\t\t\t<\/div>\n\t\t\t\t<div class=\"elementor-element elementor-element-30895878 elementor-mobile-align-center elementor-widget elementor-widget-button\" data-id=\"30895878\" data-element_type=\"widget\" data-widget_type=\"button.default\">\n\t\t\t\t<div class=\"elementor-widget-container\">\n\t\t\t\t\t\t\t\t\t<div class=\"elementor-button-wrapper\">\n\t\t\t\t\t<a class=\"elementor-button elementor-button-link elementor-size-sm\" href=\"http:\/\/szkolabolecina.pl\/index.php\/przedszkole-2\/\">\n\t\t\t\t\t\t<span class=\"elementor-button-content-wrapper\">\n\t\t\t\t\t\t\t\t\t<span class=\"elementor-button-text\">Wi\u0119cej<\/span>\n\t\t\t\t\t<\/span>\n\t\t\t\t\t<\/a>\n\t\t\t\t<\/div>\n\t\t\t\t\t\t\t\t<\/div>\n\t\t\t\t<\/div>\n\t\t\t\t\t<\/div>\n\t\t<\/div>\n\t\t\t\t\t<\/div>\n\t\t<\/section>\n\t\t\t\t<\/div>\n\t\t","protected":false},"excerpt":{"rendered":"<p>Codziennie dok\u0142adamy stara\u0144, aby wszyscy w naszej szkole czuli si\u0119 bezpiecznie Dbamy o wszechstronny rozw\u00f3j intelektualny i moralny.Uczniowie realizuj\u0105 swoje pasje, pog\u0142\u0119biaj\u0105 wiedz\u0119.Korzystamy z bogatej bazy pomocy dydaktycznych. Nasza oferta Jeste\u015bmy zespo\u0142em szk\u00f3\u0142, w sk\u0142ad kt\u00f3rego wchodzi przedszkole i szko\u0142a podstawowa. Realizujemy zadania zwi\u0105zane z \u00a0wszechstronnym rozwojem naszych podopiecznych. Aktywno\u015b\u0107 Uczniowska Samorz\u0105d szkolny &#8211; Wybory [&hellip;]<\/p>\n","protected":false},"author":3,"featured_media":0,"parent":0,"menu_order":0,"comment_status":"closed","ping_status":"closed","template":"","meta":{"_eb_attr":"","ocean_post_layout":"","ocean_both_sidebars_style":"","ocean_both_sidebars_content_width":0,"ocean_both_sidebars_sidebars_width":0,"ocean_sidebar":"","ocean_second_sidebar":"","ocean_disable_margins":"enable","ocean_add_body_class":"","ocean_shortcode_before_top_bar":"","ocean_shortcode_after_top_bar":"","ocean_shortcode_before_header":"","ocean_shortcode_after_header":"","ocean_has_shortcode":"","ocean_shortcode_after_title":"","ocean_shortcode_before_footer_widgets":"","ocean_shortcode_after_footer_widgets":"","ocean_shortcode_before_footer_bottom":"","ocean_shortcode_after_footer_bottom":"","ocean_display_top_bar":"default","ocean_display_header":"default","ocean_header_style":"","ocean_center_header_left_menu":"","ocean_custom_header_template":"","ocean_custom_logo":0,"ocean_custom_retina_logo":0,"ocean_custom_logo_max_width":0,"ocean_custom_logo_tablet_max_width":0,"ocean_custom_logo_mobile_max_width":0,"ocean_custom_logo_max_height":0,"ocean_custom_logo_tablet_max_height":0,"ocean_custom_logo_mobile_max_height":0,"ocean_header_custom_menu":"","ocean_menu_typo_font_family":"","ocean_menu_typo_font_subset":"","ocean_menu_typo_font_size":0,"ocean_menu_typo_font_size_tablet":0,"ocean_menu_typo_font_size_mobile":0,"ocean_menu_typo_font_size_unit":"px","ocean_menu_typo_font_weight":"","ocean_menu_typo_font_weight_tablet":"","ocean_menu_typo_font_weight_mobile":"","ocean_menu_typo_transform":"","ocean_menu_typo_transform_tablet":"","ocean_menu_typo_transform_mobile":"","ocean_menu_typo_line_height":0,"ocean_menu_typo_line_height_tablet":0,"ocean_menu_typo_line_height_mobile":0,"ocean_menu_typo_line_height_unit":"","ocean_menu_typo_spacing":0,"ocean_menu_typo_spacing_tablet":0,"ocean_menu_typo_spacing_mobile":0,"ocean_menu_typo_spacing_unit":"","ocean_menu_link_color":"","ocean_menu_link_color_hover":"","ocean_menu_link_color_active":"","ocean_menu_link_background":"","ocean_menu_link_hover_background":"","ocean_menu_link_active_background":"","ocean_menu_social_links_bg":"","ocean_menu_social_hover_links_bg":"","ocean_menu_social_links_color":"","ocean_menu_social_hover_links_color":"","ocean_disable_title":"default","ocean_disable_heading":"default","ocean_post_title":"","ocean_post_subheading":"","ocean_post_title_style":"","ocean_post_title_background_color":"","ocean_post_title_background":0,"ocean_post_title_bg_image_position":"","ocean_post_title_bg_image_attachment":"","ocean_post_title_bg_image_repeat":"","ocean_post_title_bg_image_size":"","ocean_post_title_height":0,"ocean_post_title_bg_overlay":0.5,"ocean_post_title_bg_overlay_color":"","ocean_disable_breadcrumbs":"default","ocean_breadcrumbs_color":"","ocean_breadcrumbs_separator_color":"","ocean_breadcrumbs_links_color":"","ocean_breadcrumbs_links_hover_color":"","ocean_display_footer_widgets":"default","ocean_display_footer_bottom":"default","ocean_custom_footer_template":"","footnotes":""},"class_list":["post-17","page","type-page","status-publish","hentry","entry"],"_links":{"self":[{"href":"https:\/\/szkolabolecina.pl\/index.php\/wp-json\/wp\/v2\/pages\/17","targetHints":{"allow":["GET"]}}],"collection":[{"href":"https:\/\/szkolabolecina.pl\/index.php\/wp-json\/wp\/v2\/pages"}],"about":[{"href":"https:\/\/szkolabolecina.pl\/index.php\/wp-json\/wp\/v2\/types\/page"}],"author":[{"embeddable":true,"href":"https:\/\/szkolabolecina.pl\/index.php\/wp-json\/wp\/v2\/users\/3"}],"replies":[{"embeddable":true,"href":"https:\/\/szkolabolecina.pl\/index.php\/wp-json\/wp\/v2\/comments?post=17"}],"version-history":[{"count":35,"href":"https:\/\/szkolabolecina.pl\/index.php\/wp-json\/wp\/v2\/pages\/17\/revisions"}],"predecessor-version":[{"id":1016,"href":"https:\/\/szkolabolecina.pl\/index.php\/wp-json\/wp\/v2\/pages\/17\/revisions\/1016"}],"wp:attachment":[{"href":"https:\/\/szkolabolecina.pl\/index.php\/wp-json\/wp\/v2\/media?parent=17"}],"curies":[{"name":"wp","href":"https:\/\/api.w.org\/{rel}","templated":true}]}}