{"id":6177,"date":"2023-11-02T08:26:21","date_gmt":"2023-11-02T08:26:21","guid":{"rendered":"https:\/\/szkolabolecina.pl\/?page_id=6177"},"modified":"2023-11-02T09:31:35","modified_gmt":"2023-11-02T09:31:35","slug":"elektroniczna-skrzynka-podawcza-epuap-przedszkola-i-szkoly-podstawowej-w-zespole-szkol-samorzadowych-w-sulkowicach-bolecinie","status":"publish","type":"page","link":"https:\/\/szkolabolecina.pl\/index.php\/elektroniczna-skrzynka-podawcza-epuap-przedszkola-i-szkoly-podstawowej-w-zespole-szkol-samorzadowych-w-sulkowicach-bolecinie\/","title":{"rendered":"Elektroniczna skrzynka podawcza ePUAP"},"content":{"rendered":"\t\t<div data-elementor-type=\"wp-page\" data-elementor-id=\"6177\" class=\"elementor elementor-6177\" data-elementor-post-type=\"page\">\n\t\t\t\t\t\t<section class=\"has_eae_slider elementor-section elementor-top-section elementor-element elementor-element-e805cc5 elementor-section-boxed elementor-section-height-default elementor-section-height-default\" data-eae-slider=\"67869\" data-id=\"e805cc5\" data-element_type=\"section\">\n\t\t\t\t\t\t<div class=\"elementor-container elementor-column-gap-default\">\n\t\t\t\t\t<div class=\"has_eae_slider elementor-column elementor-col-100 elementor-top-column elementor-element elementor-element-f864199\" data-eae-slider=\"62859\" data-id=\"f864199\" data-element_type=\"column\">\n\t\t\t<div class=\"elementor-widget-wrap elementor-element-populated\">\n\t\t\t\t\t\t<div class=\"elementor-element elementor-element-85730c8 elementor-widget elementor-widget-text-editor\" data-id=\"85730c8\" data-element_type=\"widget\" data-widget_type=\"text-editor.default\">\n\t\t\t\t<div class=\"elementor-widget-container\">\n\t\t\t\t\t\t\t\t\t<p>Elektroniczna skrzynka podawcza ePUAP&nbsp;<\/p><p>Przedszkola&nbsp;<\/p><p>i&nbsp;<\/p><p>Szko\u0142y Podstawowej&nbsp;<\/p><p>w Zespole Szk\u00f3\u0142 Samorz\u0105dowych w Su\u0142kowicach-Bol\u0119cinie<\/p>\t\t\t\t\t\t\t\t<\/div>\n\t\t\t\t<\/div>\n\t\t\t\t<div class=\"elementor-element elementor-element-d25a9fa elementor-widget elementor-widget-image\" data-id=\"d25a9fa\" data-element_type=\"widget\" data-widget_type=\"image.default\">\n\t\t\t\t<div class=\"elementor-widget-container\">\n\t\t\t\t\t\t\t\t\t\t\t\t\t\t\t<img decoding=\"async\" width=\"200\" height=\"150\" src=\"https:\/\/szkolabolecina.pl\/wp-content\/uploads\/2023\/11\/esp.jpg\" class=\"attachment-large size-large wp-image-6179\" alt=\"\" \/>\t\t\t\t\t\t\t\t\t\t\t\t\t\t\t<\/div>\n\t\t\t\t<\/div>\n\t\t\t\t<div class=\"elementor-element elementor-element-0e7d547 elementor-widget elementor-widget-text-editor\" data-id=\"0e7d547\" data-element_type=\"widget\" data-widget_type=\"text-editor.default\">\n\t\t\t\t<div class=\"elementor-widget-container\">\n\t\t\t\t\t\t\t\t\t<p style=\"margin-top: 12px; margin-bottom: 12px; color: #2772a0; font-family: Arial, 'Arial Unicode MS', Helvetica, sans-serif; font-size: 13px; font-style: normal; font-variant-ligatures: normal; font-variant-caps: normal; font-weight: 400; text-align: justify;\">Elektroniczna skrzynka podawcza pozwala na dor\u0119czanie do instytucji pism podpisanych bezpiecznym podpisem elektronicznym lub profilem zaufanym w spos\u00f3b zapewniaj\u0105cy otrzymanie urz\u0119dowego po\u015bwiadczenia przed\u0142o\u017cenia (UPP). UPP jest dowodem dor\u0119czenia pisma, a widniej\u0105ca na nim data stanowi dat\u0119 dor\u0119czenia.<\/p>\n<p style=\"margin-top: 12px; margin-bottom: 12px; color: #2772a0; font-family: Arial, 'Arial Unicode MS', Helvetica, sans-serif; font-size: 13px; font-style: normal; font-variant-ligatures: normal; font-variant-caps: normal; font-weight: 400; text-align: justify;\">W celu dostarczenia do naszej szko\u0142y dokumentu elektronicznego nale\u017cy zarejestrowa\u0107 si\u0119 na elektronicznej platformie us\u0142ug administracji publicznej (ePUAP) pod adresem epuap.gov.pl. Po za\u0142o\u017ceniu konta i zalogowaniu si\u0119 na ePUAP u\u017cytkownik ma dost\u0119p do elektronicznej skrzynki podawczej szko\u0142y.<\/p>\n<p style=\"margin-top: 12px; margin-bottom: 12px; color: #2772a0; font-family: Arial, 'Arial Unicode MS', Helvetica, sans-serif; font-size: 13px; font-style: normal; font-variant-ligatures: normal; font-variant-caps: normal; font-weight: 400; text-align: justify;\">Profil plac\u00f3wki znajduje si\u0119 pod adresem:<\/p>\n<p style=\"margin-top: 12px; margin-bottom: 12px; text-align: justify;\"><span style=\"color: #2772a0; font-family: Arial, Arial Unicode MS, Helvetica, sans-serif;\"><span style=\"font-size: 13px;\">h<\/span><\/span><a style=\"font-size: 14px; background-color: #ffffff;\" href=\"https:\/\/epuap.gov.pl\/wps\/myportal\/strefa-klienta\/katalog-spraw\/profil-urzedu\/ZSS_S_Bolecina\" target=\"_blank\" rel=\"noopener\">ttps:\/\/epuap.gov.pl\/wps\/myportal\/strefa-klienta\/katalog-spraw\/profil-urzedu\/ZSS_S_Bolecina<\/a><\/p>\n<p style=\"margin-top: 12px; margin-bottom: 12px; text-align: justify;\">\u015acie\u017cka:<span style=\"color: rgb(39, 114, 160); font-family: Arial, &quot;Arial Unicode MS&quot;, Helvetica, sans-serif; font-size: 13px; font-style: normal; font-variant-ligatures: normal; font-variant-caps: normal; font-weight: 400;\">&nbsp;<\/span><b style=\"color: rgb(39, 114, 160); font-family: Arial, &quot;Arial Unicode MS&quot;, Helvetica, sans-serif; font-size: 13px; font-style: normal; font-variant-ligatures: normal; font-variant-caps: normal;\">KATALOG SPRAW &gt; Sprawy og\u00f3lne &gt; Pisma do urz\u0119du &gt;&nbsp; Pismo og\u00f3lne do podmiotu publicznego<\/b><span style=\"color: rgb(39, 114, 160); font-family: Arial, &quot;Arial Unicode MS&quot;, Helvetica, sans-serif; font-size: 13px; font-style: normal; font-variant-ligatures: normal; font-variant-caps: normal;\">&nbsp;<\/span><\/p>\n<h4 style=\"margin-top: 12px; margin-bottom: 12px; font-variant-ligatures: normal; font-variant-caps: normal; font-family: Arial, &quot;Arial Unicode MS&quot;, Helvetica, sans-serif; font-size: 13px; font-style: normal; color: rgb(39, 114, 160); text-align: justify;\"><span style=\"font-size: 13px; font-weight: 400;\"><a href=\"https:\/\/epuap.gov.pl\/wps\/myportal\/strefa-klienta\/katalog-spraw\/profil-urzedu\/ZSS_S_Bolecinahttps:\/\/epuap.gov.pl\/wps\/myportal\/strefa-klienta\/katalog-spraw\/profil-urzedu\/ZSS_S_Bolecina\" style=\"font-size: 13px;\">A<\/a>dres elektronicznej skrzynki podawczej:&nbsp; &nbsp;<\/span><span style=\"font-size: 13px; font-weight: 700;\">ZSS_S_Bolecina<\/span><\/h4>\n<p style=\"margin-top: 12px; margin-bottom: 12px; color: #2772a0; font-family: Arial, 'Arial Unicode MS', Helvetica, sans-serif; font-size: 13px; font-style: normal; font-variant-ligatures: normal; font-variant-caps: normal; font-weight: 400; text-align: justify;\">Pliki zawieraj\u0105ce szkodliwe oprogramowanie b\u0119d\u0105 automatycznie usuwane.<\/p>\n<p style=\"margin-top: 12px; margin-bottom: 12px; color: #2772a0; font-family: Arial, 'Arial Unicode MS', Helvetica, sans-serif; font-size: 13px; font-style: normal; font-variant-ligatures: normal; font-variant-caps: normal; font-weight: 400; text-align: justify;\">Sprawy za\u0142atwiane w trybie post\u0119powania administracyjnego wymagaj\u0105 podpisu.<\/p>\n<p style=\"margin-top: 12px; margin-bottom: 12px; color: #2772a0; font-family: Arial, 'Arial Unicode MS', Helvetica, sans-serif; font-size: 13px; font-style: normal; font-variant-ligatures: normal; font-variant-caps: normal; font-weight: 400; text-align: justify;\">Elektroniczna skrzynka podawcza obs\u0142uguje zar\u00f3wno bezpieczny kwalifikowany podpis elektroniczny, jak i jego darmowy odpowiednik, czyli profil zaufany ePUAP<\/p>\t\t\t\t\t\t\t\t<\/div>\n\t\t\t\t<\/div>\n\t\t\t\t\t<\/div>\n\t\t<\/div>\n\t\t\t\t\t<\/div>\n\t\t<\/section>\n\t\t\t\t<\/div>\n\t\t","protected":false},"excerpt":{"rendered":"<p>Elektroniczna skrzynka podawcza ePUAP&nbsp; Przedszkola&nbsp; i&nbsp; Szko\u0142y Podstawowej&nbsp; w Zespole Szk\u00f3\u0142 Samorz\u0105dowych w Su\u0142kowicach-Bol\u0119cinie Elektroniczna skrzynka podawcza pozwala na dor\u0119czanie do instytucji pism podpisanych bezpiecznym podpisem elektronicznym lub profilem zaufanym w spos\u00f3b zapewniaj\u0105cy otrzymanie urz\u0119dowego po\u015bwiadczenia przed\u0142o\u017cenia (UPP). UPP jest dowodem dor\u0119czenia pisma, a widniej\u0105ca na nim data stanowi dat\u0119 dor\u0119czenia. W celu dostarczenia do [&hellip;]<\/p>\n","protected":false},"author":4,"featured_media":6179,"parent":0,"menu_order":0,"comment_status":"closed","ping_status":"closed","template":"","meta":{"_eb_attr":"","ocean_post_layout":"","ocean_both_sidebars_style":"","ocean_both_sidebars_content_width":0,"ocean_both_sidebars_sidebars_width":0,"ocean_sidebar":"0","ocean_second_sidebar":"0","ocean_disable_margins":"enable","ocean_add_body_class":"","ocean_shortcode_before_top_bar":"","ocean_shortcode_after_top_bar":"","ocean_shortcode_before_header":"","ocean_shortcode_after_header":"","ocean_has_shortcode":"","ocean_shortcode_after_title":"","ocean_shortcode_before_footer_widgets":"","ocean_shortcode_after_footer_widgets":"","ocean_shortcode_before_footer_bottom":"","ocean_shortcode_after_footer_bottom":"","ocean_display_top_bar":"default","ocean_display_header":"default","ocean_header_style":"","ocean_center_header_left_menu":"0","ocean_custom_header_template":"0","ocean_custom_logo":0,"ocean_custom_retina_logo":0,"ocean_custom_logo_max_width":0,"ocean_custom_logo_tablet_max_width":0,"ocean_custom_logo_mobile_max_width":0,"ocean_custom_logo_max_height":0,"ocean_custom_logo_tablet_max_height":0,"ocean_custom_logo_mobile_max_height":0,"ocean_header_custom_menu":"0","ocean_menu_typo_font_family":"0","ocean_menu_typo_font_subset":"","ocean_menu_typo_font_size":0,"ocean_menu_typo_font_size_tablet":0,"ocean_menu_typo_font_size_mobile":0,"ocean_menu_typo_font_size_unit":"px","ocean_menu_typo_font_weight":"","ocean_menu_typo_font_weight_tablet":"","ocean_menu_typo_font_weight_mobile":"","ocean_menu_typo_transform":"","ocean_menu_typo_transform_tablet":"","ocean_menu_typo_transform_mobile":"","ocean_menu_typo_line_height":0,"ocean_menu_typo_line_height_tablet":0,"ocean_menu_typo_line_height_mobile":0,"ocean_menu_typo_line_height_unit":"","ocean_menu_typo_spacing":0,"ocean_menu_typo_spacing_tablet":0,"ocean_menu_typo_spacing_mobile":0,"ocean_menu_typo_spacing_unit":"","ocean_menu_link_color":"","ocean_menu_link_color_hover":"","ocean_menu_link_color_active":"","ocean_menu_link_background":"","ocean_menu_link_hover_background":"","ocean_menu_link_active_background":"","ocean_menu_social_links_bg":"","ocean_menu_social_hover_links_bg":"","ocean_menu_social_links_color":"","ocean_menu_social_hover_links_color":"","ocean_disable_title":"default","ocean_disable_heading":"default","ocean_post_title":"","ocean_post_subheading":"","ocean_post_title_style":"","ocean_post_title_background_color":"","ocean_post_title_background":0,"ocean_post_title_bg_image_position":"","ocean_post_title_bg_image_attachment":"","ocean_post_title_bg_image_repeat":"","ocean_post_title_bg_image_size":"","ocean_post_title_height":0,"ocean_post_title_bg_overlay":0.5,"ocean_post_title_bg_overlay_color":"","ocean_disable_breadcrumbs":"default","ocean_breadcrumbs_color":"","ocean_breadcrumbs_separator_color":"","ocean_breadcrumbs_links_color":"","ocean_breadcrumbs_links_hover_color":"","ocean_display_footer_widgets":"default","ocean_display_footer_bottom":"default","ocean_custom_footer_template":"0","footnotes":""},"class_list":["post-6177","page","type-page","status-publish","has-post-thumbnail","hentry","entry","has-media"],"_links":{"self":[{"href":"https:\/\/szkolabolecina.pl\/index.php\/wp-json\/wp\/v2\/pages\/6177","targetHints":{"allow":["GET"]}}],"collection":[{"href":"https:\/\/szkolabolecina.pl\/index.php\/wp-json\/wp\/v2\/pages"}],"about":[{"href":"https:\/\/szkolabolecina.pl\/index.php\/wp-json\/wp\/v2\/types\/page"}],"author":[{"embeddable":true,"href":"https:\/\/szkolabolecina.pl\/index.php\/wp-json\/wp\/v2\/users\/4"}],"replies":[{"embeddable":true,"href":"https:\/\/szkolabolecina.pl\/index.php\/wp-json\/wp\/v2\/comments?post=6177"}],"version-history":[{"count":13,"href":"https:\/\/szkolabolecina.pl\/index.php\/wp-json\/wp\/v2\/pages\/6177\/revisions"}],"predecessor-version":[{"id":6205,"href":"https:\/\/szkolabolecina.pl\/index.php\/wp-json\/wp\/v2\/pages\/6177\/revisions\/6205"}],"wp:featuredmedia":[{"embeddable":true,"href":"https:\/\/szkolabolecina.pl\/index.php\/wp-json\/wp\/v2\/media\/6179"}],"wp:attachment":[{"href":"https:\/\/szkolabolecina.pl\/index.php\/wp-json\/wp\/v2\/media?parent=6177"}],"curies":[{"name":"wp","href":"https:\/\/api.w.org\/{rel}","templated":true}]}}