{"id":870,"date":"2021-04-18T08:59:42","date_gmt":"2021-04-18T08:59:42","guid":{"rendered":"http:\/\/szkolabolecina.pl\/?page_id=870"},"modified":"2021-04-18T18:48:30","modified_gmt":"2021-04-18T18:48:30","slug":"swietlica","status":"publish","type":"page","link":"https:\/\/szkolabolecina.pl\/index.php\/swietlica\/","title":{"rendered":"\u015awietlica"},"content":{"rendered":"\t\t<div data-elementor-type=\"wp-page\" data-elementor-id=\"870\" class=\"elementor elementor-870\" data-elementor-post-type=\"page\">\n\t\t\t\t\t\t<section class=\"has_eae_slider elementor-section elementor-top-section elementor-element elementor-element-67cb0376 elementor-section-height-min-height elementor-section-content-middle elementor-section-boxed elementor-section-height-default elementor-section-items-middle\" data-eae-slider=\"55160\" data-id=\"67cb0376\" data-element_type=\"section\" data-settings=\"{&quot;background_background&quot;:&quot;classic&quot;}\">\n\t\t\t\t\t\t<div class=\"elementor-container elementor-column-gap-no\">\n\t\t\t\t\t<div class=\"has_eae_slider elementor-column elementor-col-100 elementor-top-column elementor-element elementor-element-268fdfb3\" data-eae-slider=\"65246\" data-id=\"268fdfb3\" data-element_type=\"column\" data-settings=\"{&quot;background_background&quot;:&quot;none&quot;}\">\n\t\t\t<div class=\"elementor-widget-wrap elementor-element-populated\">\n\t\t\t\t\t\t<section class=\"has_eae_slider elementor-section elementor-inner-section elementor-element elementor-element-7e289e2a elementor-section-height-min-height elementor-section-content-middle elementor-section-boxed elementor-section-height-default\" data-eae-slider=\"18600\" data-id=\"7e289e2a\" data-element_type=\"section\">\n\t\t\t\t\t\t<div class=\"elementor-container elementor-column-gap-default\">\n\t\t\t\t\t<div class=\"has_eae_slider elementor-column elementor-col-50 elementor-inner-column elementor-element elementor-element-147b5c11\" data-eae-slider=\"72904\" data-id=\"147b5c11\" data-element_type=\"column\" data-settings=\"{&quot;background_background&quot;:&quot;gradient&quot;}\">\n\t\t\t<div class=\"elementor-widget-wrap elementor-element-populated\">\n\t\t\t\t\t\t<div class=\"elementor-element elementor-element-564c096f elementor-view-stacked elementor-shape-circle elementor-widget elementor-widget-icon\" data-id=\"564c096f\" data-element_type=\"widget\" data-widget_type=\"icon.default\">\n\t\t\t\t<div class=\"elementor-widget-container\">\n\t\t\t\t\t\t\t<div class=\"elementor-icon-wrapper\">\n\t\t\t<div class=\"elementor-icon\">\n\t\t\t<i aria-hidden=\"true\" class=\"fas fa-gamepad\"><\/i>\t\t\t<\/div>\n\t\t<\/div>\n\t\t\t\t\t\t<\/div>\n\t\t\t\t<\/div>\n\t\t\t\t<div class=\"elementor-element elementor-element-9cb1ed elementor-widget elementor-widget-heading\" data-id=\"9cb1ed\" data-element_type=\"widget\" data-widget_type=\"heading.default\">\n\t\t\t\t<div class=\"elementor-widget-container\">\n\t\t\t\t\t<h3 class=\"elementor-heading-title elementor-size-default\">Godziny pracy \u015bwietlicy<\/h3>\t\t\t\t<\/div>\n\t\t\t\t<\/div>\n\t\t\t\t<div class=\"elementor-element elementor-element-3820c9a2 elementor-widget elementor-widget-text-editor\" data-id=\"3820c9a2\" data-element_type=\"widget\" data-widget_type=\"text-editor.default\">\n\t\t\t\t<div class=\"elementor-widget-container\">\n\t\t\t\t\t\t\t\t\t<div class=\"lh2 imTACenter\" style=\"text-align: center;\" data-line-height=\"2\"><span class=\"fs14lh2 ff1\"><strong>PONIEDZIA\u0141EK<\/strong><\/span><\/div><div class=\"lh2 imTACenter\" style=\"text-align: center;\" data-line-height=\"2\"><span class=\"fs14lh2 ff1\">7.00 -10.50, <\/span><span class=\"fs14lh2 ff1\">11.30 &#8211; 16.00<\/span><\/div><div data-line-height=\"2\">\u00a0<\/div><div class=\"lh2 imTACenter\" style=\"text-align: center;\" data-line-height=\"2\"><span class=\"fs14lh2 ff1\"><strong>WTOREK<\/strong><\/span><\/div><div class=\"lh2 imTACenter\" style=\"text-align: center;\" data-line-height=\"2\"><span class=\"fs14lh2 ff1\">7.00 &#8211; 10.40, <\/span><span class=\"fs14lh2 ff1\">11.20 &#8211; 16.00<\/span><\/div><div data-line-height=\"2\">\u00a0<\/div><div class=\"lh2 imTACenter\" style=\"text-align: center;\" data-line-height=\"2\"><span class=\"fs14lh2 ff1\"><strong>\u015aRODA<\/strong><\/span><\/div><div class=\"lh2 imTACenter\" style=\"text-align: center;\" data-line-height=\"2\"><span class=\"fs14lh2 ff1\">7.00 &#8211; 16.00<\/span><\/div><div data-line-height=\"2\">\u00a0<\/div><div class=\"lh2 imTACenter\" style=\"text-align: center;\" data-line-height=\"2\"><span class=\"fs14lh2 ff1\"><strong>CZWARTEK<\/strong><\/span><\/div><div class=\"lh2 imTACenter\" style=\"text-align: center;\" data-line-height=\"2\"><span class=\"fs14lh2 ff1\">7.00 &#8211; 10.50, <\/span><span class=\"fs14lh2 ff1\">11.30 &#8211; 16.00<\/span><\/div><div data-line-height=\"2\">\u00a0<\/div><div class=\"lh2 imTACenter\" style=\"text-align: center;\" data-line-height=\"2\"><span class=\"fs14lh2 ff1\"><strong>PI\u0104TEK<\/strong><\/span><\/div><div class=\"lh2 imTACenter\" style=\"text-align: center;\" data-line-height=\"2\"><span class=\"fs14lh2 ff1\">7.00 &#8211; 10.00, <\/span>11.30 &#8211; 16.00<\/div>\t\t\t\t\t\t\t\t<\/div>\n\t\t\t\t<\/div>\n\t\t\t\t\t<\/div>\n\t\t<\/div>\n\t\t\t\t<div class=\"has_eae_slider elementor-column elementor-col-50 elementor-inner-column elementor-element elementor-element-297cc94\" data-eae-slider=\"68752\" data-id=\"297cc94\" data-element_type=\"column\" data-settings=\"{&quot;background_background&quot;:&quot;classic&quot;}\">\n\t\t\t<div class=\"elementor-widget-wrap\">\n\t\t\t\t\t\t\t<\/div>\n\t\t<\/div>\n\t\t\t\t\t<\/div>\n\t\t<\/section>\n\t\t\t\t\t<\/div>\n\t\t<\/div>\n\t\t\t\t\t<\/div>\n\t\t<\/section>\n\t\t\t\t<section class=\"has_eae_slider elementor-section elementor-top-section elementor-element elementor-element-2ecb8b92 elementor-section-boxed elementor-section-height-default elementor-section-height-default\" data-eae-slider=\"32371\" data-id=\"2ecb8b92\" data-element_type=\"section\">\n\t\t\t\t\t\t<div class=\"elementor-container elementor-column-gap-default\">\n\t\t\t\t\t<div class=\"has_eae_slider elementor-column elementor-col-100 elementor-top-column elementor-element elementor-element-37ff6703\" data-eae-slider=\"7875\" data-id=\"37ff6703\" data-element_type=\"column\">\n\t\t\t<div class=\"elementor-widget-wrap elementor-element-populated\">\n\t\t\t\t\t\t<div class=\"elementor-element elementor-element-68b322b0 elementor-widget elementor-widget-heading\" data-id=\"68b322b0\" data-element_type=\"widget\" data-widget_type=\"heading.default\">\n\t\t\t\t<div class=\"elementor-widget-container\">\n\t\t\t\t\t<h2 class=\"elementor-heading-title elementor-size-default\">Zabawa<\/h2>\t\t\t\t<\/div>\n\t\t\t\t<\/div>\n\t\t\t\t<div class=\"elementor-element elementor-element-2aef1085 elementor-widget__width-initial elementor-absolute elementor-widget-tablet__width-initial elementor-widget elementor-widget-spacer\" data-id=\"2aef1085\" data-element_type=\"widget\" data-settings=\"{&quot;_position&quot;:&quot;absolute&quot;}\" data-widget_type=\"spacer.default\">\n\t\t\t\t<div class=\"elementor-widget-container\">\n\t\t\t\t\t\t\t<div class=\"elementor-spacer\">\n\t\t\t<div class=\"elementor-spacer-inner\"><\/div>\n\t\t<\/div>\n\t\t\t\t\t\t<\/div>\n\t\t\t\t<\/div>\n\t\t\t\t<div class=\"elementor-element elementor-element-da0e5e elementor-widget__width-initial elementor-absolute elementor-widget-mobile__width-initial elementor-widget elementor-widget-spacer\" data-id=\"da0e5e\" data-element_type=\"widget\" data-settings=\"{&quot;_position&quot;:&quot;absolute&quot;}\" data-widget_type=\"spacer.default\">\n\t\t\t\t<div class=\"elementor-widget-container\">\n\t\t\t\t\t\t\t<div class=\"elementor-spacer\">\n\t\t\t<div class=\"elementor-spacer-inner\"><\/div>\n\t\t<\/div>\n\t\t\t\t\t\t<\/div>\n\t\t\t\t<\/div>\n\t\t\t\t<div class=\"elementor-element elementor-element-24e45af0 elementor-widget elementor-widget-heading\" data-id=\"24e45af0\" data-element_type=\"widget\" data-widget_type=\"heading.default\">\n\t\t\t\t<div class=\"elementor-widget-container\">\n\t\t\t\t\t<h5 class=\"elementor-heading-title elementor-size-default\">Nasze wsp\u00f3lne zabawy<\/h5>\t\t\t\t<\/div>\n\t\t\t\t<\/div>\n\t\t\t\t<div class=\"elementor-element elementor-element-2d5a88e8 elementor-widget elementor-widget-text-editor\" data-id=\"2d5a88e8\" data-element_type=\"widget\" data-widget_type=\"text-editor.default\">\n\t\t\t\t<div class=\"elementor-widget-container\">\n\t\t\t\t\t\t\t\t\t<p>W \u015bwietlicy szkolnej poznajemy r\u00f3\u017cne zabawy integracyjne, kt\u00f3re s\u0105 okazj\u0105 do lepszego poznania si\u0119 i mi\u0142ego sp\u0119dzania wolnego czasu. \u00a0\u00a0Wsp\u00f3lnie budujemy, konstruujemy, wchodzimy w r\u00f3\u017cne role podczas zabaw tematycznych. Gry planszowe ucz\u0105 nas przestrzegania zasad, puzzle pomagaj\u0105 nam \u00a0w treningu pami\u0119ci, koncentracji, logicznego my\u015blenia i cierpliwo\u015bci.<\/p>\t\t\t\t\t\t\t\t<\/div>\n\t\t\t\t<\/div>\n\t\t\t\t\t<\/div>\n\t\t<\/div>\n\t\t\t\t\t<\/div>\n\t\t<\/section>\n\t\t\t\t<section class=\"has_eae_slider elementor-section elementor-top-section elementor-element elementor-element-91da3a6 elementor-section-boxed elementor-section-height-default elementor-section-height-default\" data-eae-slider=\"59367\" data-id=\"91da3a6\" data-element_type=\"section\">\n\t\t\t\t\t\t<div class=\"elementor-container elementor-column-gap-default\">\n\t\t\t\t\t<div class=\"has_eae_slider elementor-column elementor-col-100 elementor-top-column elementor-element elementor-element-7d0ad38\" data-eae-slider=\"9428\" data-id=\"7d0ad38\" data-element_type=\"column\">\n\t\t\t<div class=\"elementor-widget-wrap elementor-element-populated\">\n\t\t\t\t\t\t<div class=\"elementor-element elementor-element-17d2ebf elementor-widget elementor-widget-heading\" data-id=\"17d2ebf\" data-element_type=\"widget\" data-widget_type=\"heading.default\">\n\t\t\t\t<div class=\"elementor-widget-container\">\n\t\t\t\t\t<h2 class=\"elementor-heading-title elementor-size-default\">Kreatywno\u015b\u0107<\/h2>\t\t\t\t<\/div>\n\t\t\t\t<\/div>\n\t\t\t\t<div class=\"elementor-element elementor-element-087c5ac elementor-widget__width-initial elementor-absolute elementor-widget-tablet__width-initial elementor-widget elementor-widget-spacer\" data-id=\"087c5ac\" data-element_type=\"widget\" data-settings=\"{&quot;_position&quot;:&quot;absolute&quot;}\" data-widget_type=\"spacer.default\">\n\t\t\t\t<div class=\"elementor-widget-container\">\n\t\t\t\t\t\t\t<div class=\"elementor-spacer\">\n\t\t\t<div class=\"elementor-spacer-inner\"><\/div>\n\t\t<\/div>\n\t\t\t\t\t\t<\/div>\n\t\t\t\t<\/div>\n\t\t\t\t<div class=\"elementor-element elementor-element-82afaea elementor-widget elementor-widget-heading\" data-id=\"82afaea\" data-element_type=\"widget\" data-widget_type=\"heading.default\">\n\t\t\t\t<div class=\"elementor-widget-container\">\n\t\t\t\t\t<h5 class=\"elementor-heading-title elementor-size-default\">Realizujemy nowe pomys\u0142y<\/h5>\t\t\t\t<\/div>\n\t\t\t\t<\/div>\n\t\t\t\t<div class=\"elementor-element elementor-element-65aed47 elementor-widget elementor-widget-text-editor\" data-id=\"65aed47\" data-element_type=\"widget\" data-widget_type=\"text-editor.default\">\n\t\t\t\t<div class=\"elementor-widget-container\">\n\t\t\t\t\t\t\t\t\t<div><span class=\"fs14lh1-5\">Podczas zaj\u0119\u0107 w \u015bwietlicy rozwijamy nasze zainteresowania i zdolno\u015bci. Poznajemy r\u00f3\u017cne techniki plastyczne, prezentujemy nasze prace na wystawach, bierzemy udzia\u0142 w konkursach szkolnych<\/span><\/div><div><span class=\"fs14lh1-5\">i mi\u0119dzyszkolnych. Od lat organizujemy konkurs dla \u015bwietlic szkolnych naszej gminy: \u201e Lubi\u0119 to miejsce&#8230;\u201d Uczymy si\u0119 postawy szacunku do warto\u015bci narodowych, postaw proekologicznych, rozwijamy czytelnictwo, muzyczne talenty, wyrabiamy nawyki dbania o w\u0142asne zdrowie.<\/span><\/div><div><span class=\"fs14lh1-5\">W \u015bwietlicy mo\u017cemy tak\u017ce odrobi\u0107 zadania domowe z pomoc\u0105 nauczyciela. Ka\u017cdy mo\u017ce znale\u017a\u0107 co\u015b dla siebie. Uczymy si\u0119, jak planowa\u0107 i kreatywnie sp\u0119dza\u0107 sw\u00f3j wolny czas.<\/span><\/div>\t\t\t\t\t\t\t\t<\/div>\n\t\t\t\t<\/div>\n\t\t\t\t\t<\/div>\n\t\t<\/div>\n\t\t\t\t\t<\/div>\n\t\t<\/section>\n\t\t\t\t<section class=\"has_eae_slider elementor-section elementor-top-section elementor-element elementor-element-1a28bee elementor-section-boxed elementor-section-height-default elementor-section-height-default\" data-eae-slider=\"69544\" data-id=\"1a28bee\" data-element_type=\"section\">\n\t\t\t\t\t\t<div class=\"elementor-container elementor-column-gap-default\">\n\t\t\t\t\t<div class=\"has_eae_slider elementor-column elementor-col-100 elementor-top-column elementor-element elementor-element-fc45a23\" data-eae-slider=\"57911\" data-id=\"fc45a23\" data-element_type=\"column\">\n\t\t\t<div class=\"elementor-widget-wrap elementor-element-populated\">\n\t\t\t\t\t\t<div class=\"elementor-element elementor-element-d90d2c7 elementor-widget elementor-widget-heading\" data-id=\"d90d2c7\" data-element_type=\"widget\" data-widget_type=\"heading.default\">\n\t\t\t\t<div class=\"elementor-widget-container\">\n\t\t\t\t\t<h2 class=\"elementor-heading-title elementor-size-default\">wypoczynek<\/h2>\t\t\t\t<\/div>\n\t\t\t\t<\/div>\n\t\t\t\t<div class=\"elementor-element elementor-element-c1ef64c elementor-widget__width-initial elementor-absolute elementor-widget-mobile__width-initial elementor-widget elementor-widget-spacer\" data-id=\"c1ef64c\" data-element_type=\"widget\" data-settings=\"{&quot;_position&quot;:&quot;absolute&quot;}\" data-widget_type=\"spacer.default\">\n\t\t\t\t<div class=\"elementor-widget-container\">\n\t\t\t\t\t\t\t<div class=\"elementor-spacer\">\n\t\t\t<div class=\"elementor-spacer-inner\"><\/div>\n\t\t<\/div>\n\t\t\t\t\t\t<\/div>\n\t\t\t\t<\/div>\n\t\t\t\t<div class=\"elementor-element elementor-element-0c3c076 elementor-widget elementor-widget-heading\" data-id=\"0c3c076\" data-element_type=\"widget\" data-widget_type=\"heading.default\">\n\t\t\t\t<div class=\"elementor-widget-container\">\n\t\t\t\t\t<h5 class=\"elementor-heading-title elementor-size-default\">Nabieramy si\u0142 do nowych zada\u0144<\/h5>\t\t\t\t<\/div>\n\t\t\t\t<\/div>\n\t\t\t\t<div class=\"elementor-element elementor-element-a18832d elementor-widget elementor-widget-text-editor\" data-id=\"a18832d\" data-element_type=\"widget\" data-widget_type=\"text-editor.default\">\n\t\t\t\t<div class=\"elementor-widget-container\">\n\t\t\t\t\t\t\t\t\t<p>W czasie zaj\u0119\u0107 \u00a0bawimy si\u0119 i doskonalimy sprawno\u015b\u0107 ruchow\u0105. Wykonujemy r\u00f3\u017cne \u0107wiczenia, \u015bpiewamy, ta\u0144czymy w rytm muzyki. Po lekcjach mamy okazj\u0119, aby odpocz\u0105\u0107 i nabra\u0107 si\u0142 \u00a0w naszej sali rekreacyjnej. Dbamy o nasze zdrowie korzystaj\u0105c ze spacer\u00f3w na \u015bwie\u017cym powietrzu i zabawy na szkolnym placu zabaw.<\/p>\t\t\t\t\t\t\t\t<\/div>\n\t\t\t\t<\/div>\n\t\t\t\t\t<\/div>\n\t\t<\/div>\n\t\t\t\t\t<\/div>\n\t\t<\/section>\n\t\t\t\t<\/div>\n\t\t","protected":false},"excerpt":{"rendered":"<p>Godziny pracy \u015bwietlicy PONIEDZIA\u0141EK7.00 -10.50, 11.30 &#8211; 16.00\u00a0WTOREK7.00 &#8211; 10.40, 11.20 &#8211; 16.00\u00a0\u015aRODA7.00 &#8211; 16.00\u00a0CZWARTEK7.00 &#8211; 10.50, 11.30 &#8211; 16.00\u00a0PI\u0104TEK7.00 &#8211; 10.00, 11.30 &#8211; 16.00 Zabawa Nasze wsp\u00f3lne zabawy W \u015bwietlicy szkolnej poznajemy r\u00f3\u017cne zabawy integracyjne, kt\u00f3re s\u0105 okazj\u0105 do lepszego poznania si\u0119 i mi\u0142ego sp\u0119dzania wolnego czasu. \u00a0\u00a0Wsp\u00f3lnie budujemy, konstruujemy, wchodzimy w r\u00f3\u017cne role [&hellip;]<\/p>\n","protected":false},"author":3,"featured_media":0,"parent":0,"menu_order":0,"comment_status":"closed","ping_status":"closed","template":"","meta":{"_eb_attr":"","ocean_post_layout":"","ocean_both_sidebars_style":"","ocean_both_sidebars_content_width":0,"ocean_both_sidebars_sidebars_width":0,"ocean_sidebar":"0","ocean_second_sidebar":"0","ocean_disable_margins":"enable","ocean_add_body_class":"","ocean_shortcode_before_top_bar":"","ocean_shortcode_after_top_bar":"","ocean_shortcode_before_header":"","ocean_shortcode_after_header":"","ocean_has_shortcode":"","ocean_shortcode_after_title":"","ocean_shortcode_before_footer_widgets":"","ocean_shortcode_after_footer_widgets":"","ocean_shortcode_before_footer_bottom":"","ocean_shortcode_after_footer_bottom":"","ocean_display_top_bar":"default","ocean_display_header":"default","ocean_header_style":"","ocean_center_header_left_menu":"0","ocean_custom_header_template":"0","ocean_custom_logo":0,"ocean_custom_retina_logo":0,"ocean_custom_logo_max_width":0,"ocean_custom_logo_tablet_max_width":0,"ocean_custom_logo_mobile_max_width":0,"ocean_custom_logo_max_height":0,"ocean_custom_logo_tablet_max_height":0,"ocean_custom_logo_mobile_max_height":0,"ocean_header_custom_menu":"0","ocean_menu_typo_font_family":"0","ocean_menu_typo_font_subset":"","ocean_menu_typo_font_size":0,"ocean_menu_typo_font_size_tablet":0,"ocean_menu_typo_font_size_mobile":0,"ocean_menu_typo_font_size_unit":"px","ocean_menu_typo_font_weight":"","ocean_menu_typo_font_weight_tablet":"","ocean_menu_typo_font_weight_mobile":"","ocean_menu_typo_transform":"","ocean_menu_typo_transform_tablet":"","ocean_menu_typo_transform_mobile":"","ocean_menu_typo_line_height":0,"ocean_menu_typo_line_height_tablet":0,"ocean_menu_typo_line_height_mobile":0,"ocean_menu_typo_line_height_unit":"","ocean_menu_typo_spacing":0,"ocean_menu_typo_spacing_tablet":0,"ocean_menu_typo_spacing_mobile":0,"ocean_menu_typo_spacing_unit":"","ocean_menu_link_color":"","ocean_menu_link_color_hover":"","ocean_menu_link_color_active":"","ocean_menu_link_background":"","ocean_menu_link_hover_background":"","ocean_menu_link_active_background":"","ocean_menu_social_links_bg":"","ocean_menu_social_hover_links_bg":"","ocean_menu_social_links_color":"","ocean_menu_social_hover_links_color":"","ocean_disable_title":"default","ocean_disable_heading":"default","ocean_post_title":"","ocean_post_subheading":"","ocean_post_title_style":"","ocean_post_title_background_color":"","ocean_post_title_background":0,"ocean_post_title_bg_image_position":"","ocean_post_title_bg_image_attachment":"","ocean_post_title_bg_image_repeat":"","ocean_post_title_bg_image_size":"","ocean_post_title_height":0,"ocean_post_title_bg_overlay":0.5,"ocean_post_title_bg_overlay_color":"","ocean_disable_breadcrumbs":"default","ocean_breadcrumbs_color":"","ocean_breadcrumbs_separator_color":"","ocean_breadcrumbs_links_color":"","ocean_breadcrumbs_links_hover_color":"","ocean_display_footer_widgets":"default","ocean_display_footer_bottom":"default","ocean_custom_footer_template":"0","footnotes":""},"class_list":["post-870","page","type-page","status-publish","hentry","entry"],"_links":{"self":[{"href":"https:\/\/szkolabolecina.pl\/index.php\/wp-json\/wp\/v2\/pages\/870","targetHints":{"allow":["GET"]}}],"collection":[{"href":"https:\/\/szkolabolecina.pl\/index.php\/wp-json\/wp\/v2\/pages"}],"about":[{"href":"https:\/\/szkolabolecina.pl\/index.php\/wp-json\/wp\/v2\/types\/page"}],"author":[{"embeddable":true,"href":"https:\/\/szkolabolecina.pl\/index.php\/wp-json\/wp\/v2\/users\/3"}],"replies":[{"embeddable":true,"href":"https:\/\/szkolabolecina.pl\/index.php\/wp-json\/wp\/v2\/comments?post=870"}],"version-history":[{"count":13,"href":"https:\/\/szkolabolecina.pl\/index.php\/wp-json\/wp\/v2\/pages\/870\/revisions"}],"predecessor-version":[{"id":952,"href":"https:\/\/szkolabolecina.pl\/index.php\/wp-json\/wp\/v2\/pages\/870\/revisions\/952"}],"wp:attachment":[{"href":"https:\/\/szkolabolecina.pl\/index.php\/wp-json\/wp\/v2\/media?parent=870"}],"curies":[{"name":"wp","href":"https:\/\/api.w.org\/{rel}","templated":true}]}}